{"id":298,"date":"2016-04-11T20:05:57","date_gmt":"2016-04-11T20:05:57","guid":{"rendered":"https:\/\/oceanwp.org\/store\/?page_id=298"},"modified":"2025-05-12T15:32:01","modified_gmt":"2025-05-12T13:32:01","slug":"kontakt","status":"publish","type":"page","link":"https:\/\/stylkobiety.pl\/?page_id=298","title":{"rendered":"Kontakt"},"content":{"rendered":"\t\t<div data-elementor-type=\"wp-post\" data-elementor-id=\"298\" class=\"elementor elementor-298\">\n\t\t\t\t<div class=\"elementor-element elementor-element-216a498 e-flex e-con-boxed e-con e-parent\" data-id=\"216a498\" data-element_type=\"container\">\n\t\t\t\t\t<div class=\"e-con-inner\">\n\t\t\t\t<div class=\"elementor-element elementor-element-84fc49e elementor-widget elementor-widget-text-editor\" data-id=\"84fc49e\" data-element_type=\"widget\" data-widget_type=\"text-editor.default\">\n\t\t\t\t<div class=\"elementor-widget-container\">\n\t\t\t\t\t\t\t\t\t<div>\n<div>\n<div class=\"footer-box span_1_of_4 col col-1\">\n<div id=\"ocean_contact_info-1\" class=\"footer-widget widget-oceanwp-contact-info clr\">\n<div class=\"footer-box span_1_of_4 col col-1\">\n<div id=\"ocean_contact_info-1\" class=\"footer-widget widget-oceanwp-contact-info clr\">\n<div class=\"footer-box span_1_of_4 col col-1\">\n<div id=\"ocean_contact_info-1\" class=\"footer-widget widget-oceanwp-contact-info clr\">\n<h4 class=\"widget-title\"><\/h4>\n<ul class=\"contact-info-widget default\">\n \t<li class=\"text\">Skontaktuj si\u0119 z naszym biurem:<\/li>\n \t<li class=\"address\"><i class=\"icon-location-pin\" aria-hidden=\"true\"><\/i>\n<div class=\"oceanwp-info-wrap\"><span class=\"oceanwp-contact-title\">Addres:<\/span><span class=\"oceanwp-contact-text\">\u0141\u0105kowa 17, 57-100 Strzelin<\/span><\/div><\/li>\n \t<li class=\"phone\"><i class=\"icon-phone\" aria-hidden=\"true\"><\/i>\n<div class=\"oceanwp-info-wrap\"><span class=\"oceanwp-contact-title\">Telefon:<\/span><span class=\"oceanwp-contact-text\">604 664 105<\/span><\/div><\/li>\n \t<li class=\"email\"><i class=\"icon-envelope\" aria-hidden=\"true\"><\/i>\n<div class=\"oceanwp-info-wrap\"><span class=\"oceanwp-contact-title\">Email:<\/span><span class=\"oceanwp-contact-text\"><a href=\"mailto:kontakt@stylkobiety.pl\">kontakt@stylkobiety.pl<\/a><span class=\"screen-reader-text\">Opens in your application<\/span><\/span><\/div><\/li>\n \t<li class=\"web\"><i class=\"icon-link\" aria-hidden=\"true\"><\/i>\n<div class=\"oceanwp-info-wrap\"><span class=\"oceanwp-contact-title\">Www:<\/span><span class=\"oceanwp-contact-text\"><a href=\"https:\/\/stylkobiety.pl\/\" target=\"_self\">Stylkobiety.pl<\/a><\/span><\/div><\/li>\n<\/ul>\n<\/div>\n<\/div>\n<\/div>\n<\/div>\n<\/div>\n<\/div>\n<\/div>\n<\/div>\t\t\t\t\t\t\t\t<\/div>\n\t\t\t\t<\/div>\n\t\t\t\t\t<\/div>\n\t\t\t\t<\/div>\n\t\t\t\t<section class=\"elementor-section elementor-top-section elementor-element elementor-element-h7lkucv elementor-section-boxed elementor-section-height-default elementor-section-height-default\" data-id=\"h7lkucv\" data-element_type=\"section\">\n\t\t\t\t\t\t<div class=\"elementor-container elementor-column-gap-default\">\n\t\t\t\t\t<div class=\"elementor-column elementor-col-100 elementor-top-column elementor-element elementor-element-6658868\" data-id=\"6658868\" data-element_type=\"column\">\n\t\t\t<div class=\"elementor-widget-wrap\">\n\t\t\t\t\t\t\t<\/div>\n\t\t<\/div>\n\t\t\t\t\t<\/div>\n\t\t<\/section>\n\t\t\t\t<\/div>\n\t\t","protected":false},"excerpt":{"rendered":"<p>Skontaktuj si\u0119 z naszym biurem: Addres:\u0141\u0105kowa 17, 57-100 Strzelin Telefon:604 664 105 Email:kontakt@stylkobiety.plOpens in your application Www:Stylkobiety.pl<\/p>\n","protected":false},"author":1,"featured_media":0,"parent":0,"menu_order":0,"comment_status":"closed","ping_status":"closed","template":"","meta":{"footnotes":""},"class_list":["post-298","page","type-page","status-publish","hentry","entry","owp-thumbs-layout-horizontal","owp-btn-normal","owp-tabs-layout-horizontal","has-no-thumbnails","has-product-nav"],"yoast_head":"<!-- This site is optimized with the Yoast SEO plugin v25.1 - https:\/\/yoast.com\/wordpress\/plugins\/seo\/ -->\n<title>Kontakt - Stylkobiety.pl<\/title>\n<meta name=\"robots\" content=\"index, follow, max-snippet:-1, max-image-preview:large, max-video-preview:-1\" \/>\n<link rel=\"canonical\" href=\"https:\/\/stylkobiety.pl\/?page_id=298\" \/>\n<meta property=\"og:locale\" content=\"pl_PL\" \/>\n<meta property=\"og:type\" content=\"article\" \/>\n<meta property=\"og:title\" content=\"Kontakt - Stylkobiety.pl\" \/>\n<meta property=\"og:description\" content=\"Skontaktuj si\u0119 z naszym biurem: Addres:\u0141\u0105kowa 17, 57-100 Strzelin Telefon:604 664 105 Email:kontakt@stylkobiety.plOpens in your application Www:Stylkobiety.pl\" \/>\n<meta property=\"og:url\" content=\"https:\/\/stylkobiety.pl\/?page_id=298\" \/>\n<meta property=\"og:site_name\" content=\"Stylkobiety.pl\" \/>\n<meta property=\"article:modified_time\" content=\"2025-05-12T13:32:01+00:00\" \/>\n<meta name=\"twitter:card\" content=\"summary_large_image\" \/>\n<script type=\"application\/ld+json\" class=\"yoast-schema-graph\">{\"@context\":\"https:\/\/schema.org\",\"@graph\":[{\"@type\":\"WebPage\",\"@id\":\"https:\/\/stylkobiety.pl\/?page_id=298\",\"url\":\"https:\/\/stylkobiety.pl\/?page_id=298\",\"name\":\"Kontakt - Stylkobiety.pl\",\"isPartOf\":{\"@id\":\"https:\/\/stylkobiety.pl\/#website\"},\"datePublished\":\"2016-04-11T20:05:57+00:00\",\"dateModified\":\"2025-05-12T13:32:01+00:00\",\"breadcrumb\":{\"@id\":\"https:\/\/stylkobiety.pl\/?page_id=298#breadcrumb\"},\"inLanguage\":\"pl-PL\",\"potentialAction\":[{\"@type\":\"ReadAction\",\"target\":[\"https:\/\/stylkobiety.pl\/?page_id=298\"]}]},{\"@type\":\"BreadcrumbList\",\"@id\":\"https:\/\/stylkobiety.pl\/?page_id=298#breadcrumb\",\"itemListElement\":[{\"@type\":\"ListItem\",\"position\":1,\"name\":\"Strona g\u0142\u00f3wna\",\"item\":\"https:\/\/stylkobiety.pl\/\"},{\"@type\":\"ListItem\",\"position\":2,\"name\":\"Kontakt\"}]},{\"@type\":\"WebSite\",\"@id\":\"https:\/\/stylkobiety.pl\/#website\",\"url\":\"https:\/\/stylkobiety.pl\/\",\"name\":\"Stylkobiety.pl\",\"description\":\"\",\"publisher\":{\"@id\":\"https:\/\/stylkobiety.pl\/#organization\"},\"potentialAction\":[{\"@type\":\"SearchAction\",\"target\":{\"@type\":\"EntryPoint\",\"urlTemplate\":\"https:\/\/stylkobiety.pl\/?s={search_term_string}\"},\"query-input\":{\"@type\":\"PropertyValueSpecification\",\"valueRequired\":true,\"valueName\":\"search_term_string\"}}],\"inLanguage\":\"pl-PL\"},{\"@type\":\"Organization\",\"@id\":\"https:\/\/stylkobiety.pl\/#organization\",\"name\":\"Stylkobiety.pl\",\"url\":\"https:\/\/stylkobiety.pl\/\",\"logo\":{\"@type\":\"ImageObject\",\"inLanguage\":\"pl-PL\",\"@id\":\"https:\/\/stylkobiety.pl\/#\/schema\/logo\/image\/\",\"url\":\"https:\/\/stylkobiety.pl\/wp-content\/uploads\/2025\/05\/logo_styl.jpg\",\"contentUrl\":\"https:\/\/stylkobiety.pl\/wp-content\/uploads\/2025\/05\/logo_styl.jpg\",\"width\":392,\"height\":99,\"caption\":\"Stylkobiety.pl\"},\"image\":{\"@id\":\"https:\/\/stylkobiety.pl\/#\/schema\/logo\/image\/\"}}]}<\/script>\n<!-- \/ Yoast SEO plugin. -->","yoast_head_json":{"title":"Kontakt - Stylkobiety.pl","robots":{"index":"index","follow":"follow","max-snippet":"max-snippet:-1","max-image-preview":"max-image-preview:large","max-video-preview":"max-video-preview:-1"},"canonical":"https:\/\/stylkobiety.pl\/?page_id=298","og_locale":"pl_PL","og_type":"article","og_title":"Kontakt - Stylkobiety.pl","og_description":"Skontaktuj si\u0119 z naszym biurem: Addres:\u0141\u0105kowa 17, 57-100 Strzelin Telefon:604 664 105 Email:kontakt@stylkobiety.plOpens in your application Www:Stylkobiety.pl","og_url":"https:\/\/stylkobiety.pl\/?page_id=298","og_site_name":"Stylkobiety.pl","article_modified_time":"2025-05-12T13:32:01+00:00","twitter_card":"summary_large_image","schema":{"@context":"https:\/\/schema.org","@graph":[{"@type":"WebPage","@id":"https:\/\/stylkobiety.pl\/?page_id=298","url":"https:\/\/stylkobiety.pl\/?page_id=298","name":"Kontakt - Stylkobiety.pl","isPartOf":{"@id":"https:\/\/stylkobiety.pl\/#website"},"datePublished":"2016-04-11T20:05:57+00:00","dateModified":"2025-05-12T13:32:01+00:00","breadcrumb":{"@id":"https:\/\/stylkobiety.pl\/?page_id=298#breadcrumb"},"inLanguage":"pl-PL","potentialAction":[{"@type":"ReadAction","target":["https:\/\/stylkobiety.pl\/?page_id=298"]}]},{"@type":"BreadcrumbList","@id":"https:\/\/stylkobiety.pl\/?page_id=298#breadcrumb","itemListElement":[{"@type":"ListItem","position":1,"name":"Strona g\u0142\u00f3wna","item":"https:\/\/stylkobiety.pl\/"},{"@type":"ListItem","position":2,"name":"Kontakt"}]},{"@type":"WebSite","@id":"https:\/\/stylkobiety.pl\/#website","url":"https:\/\/stylkobiety.pl\/","name":"Stylkobiety.pl","description":"","publisher":{"@id":"https:\/\/stylkobiety.pl\/#organization"},"potentialAction":[{"@type":"SearchAction","target":{"@type":"EntryPoint","urlTemplate":"https:\/\/stylkobiety.pl\/?s={search_term_string}"},"query-input":{"@type":"PropertyValueSpecification","valueRequired":true,"valueName":"search_term_string"}}],"inLanguage":"pl-PL"},{"@type":"Organization","@id":"https:\/\/stylkobiety.pl\/#organization","name":"Stylkobiety.pl","url":"https:\/\/stylkobiety.pl\/","logo":{"@type":"ImageObject","inLanguage":"pl-PL","@id":"https:\/\/stylkobiety.pl\/#\/schema\/logo\/image\/","url":"https:\/\/stylkobiety.pl\/wp-content\/uploads\/2025\/05\/logo_styl.jpg","contentUrl":"https:\/\/stylkobiety.pl\/wp-content\/uploads\/2025\/05\/logo_styl.jpg","width":392,"height":99,"caption":"Stylkobiety.pl"},"image":{"@id":"https:\/\/stylkobiety.pl\/#\/schema\/logo\/image\/"}}]}},"_links":{"self":[{"href":"https:\/\/stylkobiety.pl\/index.php?rest_route=\/wp\/v2\/pages\/298","targetHints":{"allow":["GET"]}}],"collection":[{"href":"https:\/\/stylkobiety.pl\/index.php?rest_route=\/wp\/v2\/pages"}],"about":[{"href":"https:\/\/stylkobiety.pl\/index.php?rest_route=\/wp\/v2\/types\/page"}],"author":[{"embeddable":true,"href":"https:\/\/stylkobiety.pl\/index.php?rest_route=\/wp\/v2\/users\/1"}],"replies":[{"embeddable":true,"href":"https:\/\/stylkobiety.pl\/index.php?rest_route=%2Fwp%2Fv2%2Fcomments&post=298"}],"version-history":[{"count":3,"href":"https:\/\/stylkobiety.pl\/index.php?rest_route=\/wp\/v2\/pages\/298\/revisions"}],"predecessor-version":[{"id":1772,"href":"https:\/\/stylkobiety.pl\/index.php?rest_route=\/wp\/v2\/pages\/298\/revisions\/1772"}],"wp:attachment":[{"href":"https:\/\/stylkobiety.pl\/index.php?rest_route=%2Fwp%2Fv2%2Fmedia&parent=298"}],"curies":[{"name":"wp","href":"https:\/\/api.w.org\/{rel}","templated":true}]}}