{"id":1167,"date":"2024-02-02T19:01:50","date_gmt":"2024-02-02T18:01:50","guid":{"rendered":"https:\/\/stylkobiety.pl\/?post_type=product&#038;p=1167"},"modified":"2025-05-09T20:49:39","modified_gmt":"2025-05-09T18:49:39","slug":"smartwath-colimp-p71","status":"publish","type":"product","link":"https:\/\/stylkobiety.pl\/?product=smartwath-colimp-p71","title":{"rendered":"Smartwatch COLIMP P71"},"content":{"rendered":"<p>Oto <strong>COLIMP P71<\/strong>, smartwatch, kt\u00f3ry przedefiniuje Tw\u00f3j spos\u00f3b postrzegania noszonych urz\u0105dze\u0144 technologicznych. W dzisiejszym \u015bwiecie, gdzie ka\u017cdy moment ma znaczenie, COLIMP P71 stanowi perfekcyjne po\u0142\u0105czenie elegancji, funkcjonalno\u015bci i nowoczesnej technologii, zaprojektowane, aby u\u0142atwi\u0107 Ci \u017cycie i uczyni\u0107 je zdrowszym. Niezale\u017cnie od tego, czy jeste\u015b zapalonym sportowcem, zaj\u0119tym profesjonalist\u0105, czy po prostu osob\u0105 dbaj\u0105c\u0105 o zdrowie i dobre samopoczucie, ten smartwatch zosta\u0142 stworzony z my\u015bl\u0105 o Tobie.<\/p>\n<p><strong>Z jego pomoc\u0105 nie tylko b\u0119dziesz na bie\u017c\u0105co monitorowa\u0107 kluczowe wska\u017aniki zdrowia<\/strong>, takie jak t\u0119tno, poziom tlenu we krwi czy ci\u015bnienie, ale r\u00f3wnie\u017c uzyskasz dost\u0119p do zaawansowanych funkcji dzwonienia g\u0142osowego, kt\u00f3re umo\u017cliwi\u0105 Ci pozostanie w kontakcie bez konieczno\u015bci si\u0119gania po telefon. Funkcje \u017cyciowe, takie jak inteligentne powiadomienia, budzik, timer czy nawet latarka, sprawiaj\u0105, \u017ce COLIMP P71 staje si\u0119 niezast\u0105pionym towarzyszem ka\u017cdego dnia, podczas gdy bogaty wyb\u00f3r tryb\u00f3w sportowych i wodoodporno\u015b\u0107 IP68 pozwalaj\u0105 Ci na bezproblemowe korzystanie z niego w ka\u017cdych warunkach.<\/p>\n<p><strong>Wyr\u00f3\u017cniaj\u0105c si\u0119 ponad 230 tarczami zegarka<\/strong> dost\u0119pnymi do synchronizacji z aplikacj\u0105, COLIMP P71 pozwala na personalizacj\u0119 wygl\u0105du zegarka, dopasowuj\u0105c go do swojego stylu czy nastroju. A dzi\u0119ki mo\u017cliwo\u015bci dostosowania tarczy zegarka do wybranego przez Ciebie zdj\u0119cia, ka\u017cdy moment staje si\u0119 mo\u017cliwo\u015bci\u0105 do wyra\u017cenia siebie.<\/p>\n<p><strong>Zapakowany w nowoczesn\u0105 technologi\u0119<\/strong>, tak\u0105 jak g\u0142\u00f3wny chipset Realtek RTL8763E, du\u017cy 1.9-calowy kolorowy wy\u015bwietlacz TFT oraz bateria o d\u0142ugiej \u017cywotno\u015bci, COLIMP P71 zapewnia niezr\u00f3wnan\u0105 wydajno\u015b\u0107 i niezawodno\u015b\u0107. To smartwatch, kt\u00f3ry nie tylko \u015bledzi Twoje zdrowie i aktywno\u015b\u0107, ale tak\u017ce u\u0142atwia codzienne \u017cycie, b\u0119d\u0105c jednocze\u015bnie wyrazem Twojej osobowo\u015bci.<\/p>\n<p><strong>Je\u015bli poszukujesz smartwatcha, kt\u00f3ry jest r\u00f3wnie inteligentny, co stylowy<\/strong>, i gotowy jest sprosta\u0107 wyzwaniom wsp\u00f3\u0142czesnego \u017cycia, COLIMP P71 jest wyborem, kt\u00f3ry przekroczy Twoje oczekiwania. Do\u0142\u0105cz do rewolucji smartwatchy z COLIMP P71 i zacznij \u017cy\u0107 pe\u0142ni\u0105 \u017cycia ju\u017c dzi\u015b.<\/p>\n<p>&nbsp;<\/p>\n<h3><strong>COLIMP P71 \u2013 Kr\u00f3l w\u015br\u00f3d Smartwatchy z Funkcj\u0105 Dzwonienia G\u0142osowego \ud83c\udfc6<\/strong><\/h3>\n<p>Funkcje zegarka:<\/p>\n<h3><\/h3>\n<h3>Zdrowie i Samopoczucie \ud83d\udc96<\/h3>\n<ul>\n<li><strong>Pomiar T\u0119tna na Nadgarstku<\/strong> (automatyczny pomiar)<\/li>\n<li><strong>Pomiar Poziomu Tlenu we Krwi<\/strong><\/li>\n<li><strong>Pomiar Ci\u015bnienia Krwi<\/strong><\/li>\n<li><strong>Monitorowanie Snu<\/strong><\/li>\n<li><strong>Przypomnienie o Piciu Wody<\/strong><\/li>\n<li><strong>Przypomnienie o Aktywno\u015bci<\/strong><\/li>\n<li><strong>Cykl Fizjologiczny Kobiet<\/strong><\/li>\n<li><strong>Tryb Zen<\/strong><\/li>\n<li><strong>Wsparcie dla Aplikacji Zdrowotnych<\/strong><\/li>\n<\/ul>\n<h3><\/h3>\n<h3>Funkcje Dzwonienia G\u0142osowego \ud83d\udcde<\/h3>\n<ul>\n<li><strong>Dzwonienie G\u0142osowe<\/strong><\/li>\n<li><strong>Klawiatura Numeryczna<\/strong><\/li>\n<li><strong>Ostatnie Po\u0142\u0105czenia<\/strong><\/li>\n<li><strong>Kontakty<\/strong><\/li>\n<li><strong>Odrzucanie Po\u0142\u0105cze\u0144<\/strong><\/li>\n<li><strong>Asystent G\u0142osowy<\/strong><\/li>\n<\/ul>\n<h3><\/h3>\n<h3>Codzienne Funkcje\u00a0 \ud83c\udf1f<\/h3>\n<ul>\n<li><strong>Inteligentne Powiadomienia<\/strong> (Po\u0142\u0105czenia, SMS, Gmail i Powiadomienia z Aplikacji)<\/li>\n<li><strong>Budzik<\/strong><\/li>\n<li><strong>Gra<\/strong><\/li>\n<li><strong>Latarka<\/strong><\/li>\n<li><strong>Timer<\/strong><\/li>\n<li><strong>Stoper<\/strong><\/li>\n<li><strong>Pogoda<\/strong><\/li>\n<li><strong>Sterowanie Muzyk\u0105 i Aparatem w Smartfonie<\/strong><\/li>\n<li><strong>Znajd\u017a M\u00f3j Telefon i Zegarek<\/strong><\/li>\n<li><strong>Kalkulator<\/strong><\/li>\n<li><strong>Ustawienie Czasu Wygaszania Ekranu<\/strong><\/li>\n<li><strong>Tryb Nie Przeszkadza\u0107<\/strong><\/li>\n<\/ul>\n<h3><\/h3>\n<h3>Funkcje Sportowe \ud83c\udfc3\u200d\u2642\ufe0f\ud83d\udeb4\u200d\u2640\ufe0f<\/h3>\n<ul>\n<li><strong>Rejestracja Aktywno\u015bci<\/strong> (kroki, kalorie, dystans)<\/li>\n<li><strong>Cel Sportowy<\/strong><\/li>\n<li><strong>Ponad 100 Tryb\u00f3w \u0106wicze\u0144<\/strong><\/li>\n<li><strong>Raport Danych Sportowych<\/strong><\/li>\n<li><strong>Wodoodporno\u015b\u0107 IP68<\/strong><\/li>\n<\/ul>\n<h3><\/h3>\n<h3>Tarcze Zegarka \u231a<\/h3>\n<ul>\n<li><strong>Synchronizacja z Aplikacj\u0105<\/strong>: Ponad 230 tarcz zegarka<\/li>\n<li><strong>Domy\u015blne Systemowo<\/strong>: 7<\/li>\n<li><strong>Dostosowywanie Tarcz Zegarka<\/strong>: Mo\u017cliwo\u015b\u0107 ustawienia wybranego zdj\u0119cia jako tarczy zegarka.<\/li>\n<\/ul>\n<h3><\/h3>\n<h3>Specyfikacja COLIMP P71 \ud83d\udd27<\/h3>\n<ul>\n<li><strong>G\u0142\u00f3wny chipset<\/strong>: Realtek RTL8763E<\/li>\n<li><strong>Rozmiar wy\u015bwietlacza<\/strong>: 1.9-calowy du\u017cy kolorowy wy\u015bwietlacz TFT.<\/li>\n<li><strong>Rozdzielczo\u015b\u0107 wy\u015bwietlacza<\/strong>: 240*285 pikseli<\/li>\n<li><strong>Pojemno\u015b\u0107 baterii<\/strong>: 230 mAh, bateria Li-pol.<\/li>\n<li><strong>Czas pracy baterii<\/strong>:<\/li>\n<\/ul>\n<ul>\n<li><strong>Tryb gotowo\u015bci<\/strong>: Do 20 dni<\/li>\n<li><strong>Typowe u\u017cycie<\/strong>: Do 10 dni<\/li>\n<li><strong>Intensywne u\u017cycie<\/strong>: Do 5 dni<\/li>\n<li><strong>Ci\u0105g\u0142e dzwonienie g\u0142osowe<\/strong>: Do 280 minut<\/li>\n<\/ul>\n<ul>\n<li><strong>Czas \u0142adowania<\/strong>: Oko\u0142o 1,5 godziny<\/li>\n<li><strong>Poziom wodoodporno\u015bci<\/strong>: IP68<\/li>\n<li><strong>Aplikacja<\/strong>: \u201epubu Wear\u201d<\/li>\n<li><strong>Kompatybilno\u015b\u0107<\/strong>: Android 5.0 lub wy\u017cszy, iOS 9.0 lub wy\u017cszy.<\/li>\n<\/ul>\n<h3><\/h3>\n<h3>J\u0119zyki<\/h3>\n<ul>\n<li>Dost\u0119pny w wielu j\u0119zykach, w tym <span style=\"color: #ff0000;\"><strong>POLSKIM<\/strong><\/span>, angielskim, portugalskim, arabskim, rosyjskim, ukrai\u0144skim, niemieckim, japo\u0144skim, hiszpa\u0144skim, w\u0142oskim, francuskim, greckim, holenderskim, tureckim, rumu\u0144skim, tajskim, wietnamskim, indonezyjskim, hebrajskim, malezyjskim i wielu innych.<\/li>\n<\/ul>\n<p>&nbsp;<\/p>\n<p><strong>COLIMP P71<\/strong> to smartwatch, kt\u00f3ry \u0142\u0105czy zaawansowane funkcje monitorowania zdrowia, mo\u017cliwo\u015bci dzwonienia g\u0142osowego oraz wszechstronne funkcje \u017cyciowe i sportowe, zapewniaj\u0105c niezr\u00f3wnane wsparcie dla Twojego aktywnego \u017cycia.<\/p>\n<p><img decoding=\"async\" src=\"https:\/\/ae01.alicdn.com\/kf\/Sc4f825c7e3b5495e8cc5d52ae8413251V.jpg\" \/><img decoding=\"async\" src=\"https:\/\/ae01.alicdn.com\/kf\/S70a98fd9707c49feb8fd247926c0599aF.jpg\" \/><img decoding=\"async\" src=\"https:\/\/ae01.alicdn.com\/kf\/Sf4eed57f286d411f9f4f14323c16ee2bk.jpg\" \/><img decoding=\"async\" src=\"https:\/\/ae01.alicdn.com\/kf\/Sc79388b7c8014e4a8070d8ffc9feabffU.jpg\" \/><img decoding=\"async\" src=\"https:\/\/ae01.alicdn.com\/kf\/Sf7712ff18ec541eda5cedd873dfc8278T.jpg\" \/><img decoding=\"async\" src=\"https:\/\/ae01.alicdn.com\/kf\/S6eb24b61095d4e4786667bb1f2c11fa2X.jpg\" \/><img decoding=\"async\" src=\"https:\/\/ae01.alicdn.com\/kf\/S97fa4749282b4b119100d400677e171du.jpg\" \/><img decoding=\"async\" src=\"https:\/\/ae01.alicdn.com\/kf\/S68832ffed29f449c98898a71aef5387fl.jpg\" \/><\/p>\n<p><img decoding=\"async\" src=\"https:\/\/ae01.alicdn.com\/kf\/Sb400c8dc0768431a88aa0f4508679c3at.jpg\" \/> <img decoding=\"async\" src=\"https:\/\/ae01.alicdn.com\/kf\/S5b4728dc770b4e9596a83187f486cb80v.jpg\" \/> <img decoding=\"async\" src=\"https:\/\/ae01.alicdn.com\/kf\/S455b71059db743a88946b6cc55011904m.jpg\" \/> <img decoding=\"async\" src=\"https:\/\/ae01.alicdn.com\/kf\/Sa823de8a3ee7449da199e9b48452481d2.jpg\" \/> <img decoding=\"async\" src=\"https:\/\/ae01.alicdn.com\/kf\/Sfcfbc38d181e488e92e0837eb44919501.jpg\" \/> <img decoding=\"async\" src=\"https:\/\/ae01.alicdn.com\/kf\/Sac005982542442f1b7a8e8ce41e752a5K.jpg\" \/><\/p>\n<p><img decoding=\"async\" src=\"https:\/\/ae01.alicdn.com\/kf\/S0e8c64235e0044a1a34034bf309b99b2t.jpg\" \/><img decoding=\"async\" src=\"https:\/\/ae01.alicdn.com\/kf\/S2e9512ae27ad4b5ea526ac4d10c00f10q.jpg\" \/><img decoding=\"async\" src=\"https:\/\/ae01.alicdn.com\/kf\/Sd32e4beaf033403c987f915241f47349E.jpg\" \/><\/p>\n<p>&nbsp;<\/p>\n<p><strong>Tryby sportowe:<\/strong><\/p>\n<p>Chodzenie, Bieganie, W\u0119dr\u00f3wki, Jazda na rowerze, Koszyk\u00f3wka, Badminton, Pi\u0142ka no\u017cna, Orbitrek, Joga, Tenis sto\u0142owy, Skakanie na skakance, Tenis, Baseball, Rugby, Hula Hoop, Golf, Skok w dal, Brzuszki<\/p>\n<p><strong>Powiadomienia sportowe<\/strong>: Cykling na zewn\u0105trz, Bieganie na zewn\u0105trz, Bieganie w pomieszczeniu, Spacer na zewn\u0105trz, Wspinaczka g\u00f3rska, Koszyk\u00f3wka, Badminton, Pi\u0142ka no\u017cna, Orbitrek, Joga, Tenis sto\u0142owy, Skakanka, Wio\u015blarz, Trening wolny, Tenis, Baseball, Rugby, Krykiet, Trening si\u0142owy, Spacer w pomieszczeniu, Jazda na rowerze w pomieszczeniu, Taniec, Hula Hoop, Golf, Skok w dal, Brzuszki, Siatk\u00f3wka, Parkour, W\u0119dr\u00f3wki, Hokej, HIIT, Softball, Bieganie w terenie, Narciarstwo, Spacerownik powietrzny, Och\u0142odzenie, Trening krzy\u017cowy, Pilates, Crossfit, Trening funkcjonalny, Trening fizyczny, Kardio mieszane, Taniec latynoski, Taniec uliczny, Kickboxing, Barre, Futbol australijski, Kr\u0119gle, Squash, Curling, Snowboarding, W\u0119dkarstwo, Dyscypliny dyskowe, Narciarstwo zjazdowe, Trening rdzenia, \u0141y\u017cwiarstwo, Gaming fitness, Aerobik, Trening grupowy, Kendo, Szermierka, Schody, Futbol ameryka\u0144ski, Toczenie, Pickleball, Boks, Taekwondo, Karate, Elastyczno\u015b\u0107, Pi\u0142ka r\u0119czna, Kolarstwo r\u0119czne, Umys\u0142 i cia\u0142o, Zapasy, Trening stopniowy, Tai Chi, Gimnastyka, Lekkoatletyka, Sztuki walki, Zabawa, Sporty \u015bnie\u017cne, Lacrosse, Dr\u0105\u017cek pojedynczy, Dr\u0105\u017cki r\u00f3wnoleg\u0142e, Jazda na rolkach, Rzutki, \u0141ucznictwo, Jazda konna, Lotki, Hokej na lodzie, Trening talii, Test VO2max, Judo, Trampolina, Jazda na deskorolce, Hulajnoga, Jazda na wrotkach, Bie\u017cnia, Podci\u0105ganie, Pompki, Plank, Wspinaczka ska\u0142kowa, Skok wzwy\u017c, Skok na bungee, Taniec ludowy.<\/p>\n<p><strong>Pytania i odpowiedzi<\/strong><\/p>\n<p>P: Jak nazywa si\u0119 aplikacja?<\/p>\n<p>O: Nazwa aplikacji to Pubu Wear. Mo\u017cesz j\u0105 wyszuka\u0107 i pobra\u0107 w Google Play lub App Store.<\/p>\n<p>P: Jaki jest rozmiar paska?<\/p>\n<p>O: Szeroko\u015b\u0107 paska wynosi 22mm.<\/p>\n<p>P: Co znajduje si\u0119 w pude\u0142ku?<\/p>\n<p>O: P71 Smartwatch, kabel \u0142adowarki, instrukcja papierowa, folia ochronna.<\/p>\n<p>P: Jakiej \u0142adowarki powinienem u\u017cy\u0107 do \u0142adowania mojego zegarka?<\/p>\n<p>O: Prosz\u0119 u\u017cywa\u0107 \u0142adowarki o niskiej mocy lub mo\u017cesz pod\u0142\u0105czy\u0107 kabel \u0142adowania do laptopa lub portu USB komputera. Nie u\u017cywaj szybkiej \u0142adowarki, poniewa\u017c mo\u017ce to uszkodzi\u0107 zegarek w d\u0142u\u017cszej perspektywie.<\/p>\n<p>P: Czy ten zegarek jest wodoodporny?<\/p>\n<p>O: Tak, posiada certyfikat IP68. Mo\u017ce by\u0107 zanurzony na g\u0142\u0119boko\u015b\u0107 do 1,5m przez maksymalnie 30 minut. Jednak\u017ce, unikaj saun, gor\u0105cej wody i wody morskiej.<\/p>\n<p>P: Czy mo\u017cna go u\u017cywa\u0107 podczas p\u0142ywania?<\/p>\n<p>O: Mo\u017cesz nosi\u0107 smartwatch na basenie, ale nie mo\u017cna go u\u017cywa\u0107 podczas p\u0142ywania.<\/p>\n<p>P: Czy zegarek jest oryginalny?<\/p>\n<p>O: Tak, zegarek jest w pe\u0142ni oryginalny.<\/p>\n<p>&nbsp;<\/p>\n<p><strong>Gwarancja 1 rok!<\/strong><\/p>\n","protected":false},"excerpt":{"rendered":"<p>Oto COLIMP P71, smartwatch, kt\u00f3ry przedefiniuje Tw\u00f3j spos\u00f3b postrzegania noszonych urz\u0105dze\u0144 technologicznych. W dzisiejszym \u015bwiecie, gdzie ka\u017cdy moment ma znaczenie, COLIMP P71 stanowi perfekcyjne po\u0142\u0105czenie elegancji, funkcjonalno\u015bci i nowoczesnej technologii, zaprojektowane, aby u\u0142atwi\u0107 Ci \u017cycie i uczyni\u0107 je zdrowszym. Niezale\u017cnie od tego, czy jeste\u015b zapalonym sportowcem, zaj\u0119tym profesjonalist\u0105, czy po prostu osob\u0105 dbaj\u0105c\u0105 o zdrowie [&hellip;]<\/p>\n","protected":false},"featured_media":1166,"comment_status":"open","ping_status":"closed","template":"","meta":[],"product_brand":[],"product_cat":[15],"product_tag":[],"class_list":{"0":"post-1167","1":"product","2":"type-product","3":"status-publish","4":"has-post-thumbnail","6":"product_cat-bez-kategorii","8":"entry","9":"has-media","11":"first","12":"instock","13":"shipping-taxable","14":"purchasable","15":"product-type-simple","16":"has-rating","17":"has-product-nav","18":"col","19":"span_1_of_4","20":"owp-content-center","21":"owp-thumbs-layout-horizontal","22":"owp-btn-normal","23":"owp-tabs-layout-horizontal","24":"has-no-thumbnails"},"yoast_head":"<!-- This site is optimized with the Yoast SEO plugin v25.1 - https:\/\/yoast.com\/wordpress\/plugins\/seo\/ -->\n<title>Smartwatch COLIMP P71 - Stylkobiety.pl<\/title>\n<meta name=\"robots\" content=\"index, follow, max-snippet:-1, max-image-preview:large, max-video-preview:-1\" \/>\n<link rel=\"canonical\" href=\"https:\/\/stylkobiety.pl\/?product=smartwath-colimp-p71\" \/>\n<meta property=\"og:locale\" content=\"pl_PL\" \/>\n<meta property=\"og:type\" content=\"article\" \/>\n<meta property=\"og:title\" content=\"Smartwatch COLIMP P71 - Stylkobiety.pl\" \/>\n<meta property=\"og:description\" content=\"Oto COLIMP P71, smartwatch, kt\u00f3ry przedefiniuje Tw\u00f3j spos\u00f3b postrzegania noszonych urz\u0105dze\u0144 technologicznych. W dzisiejszym \u015bwiecie, gdzie ka\u017cdy moment ma znaczenie, COLIMP P71 stanowi perfekcyjne po\u0142\u0105czenie elegancji, funkcjonalno\u015bci i nowoczesnej technologii, zaprojektowane, aby u\u0142atwi\u0107 Ci \u017cycie i uczyni\u0107 je zdrowszym. Niezale\u017cnie od tego, czy jeste\u015b zapalonym sportowcem, zaj\u0119tym profesjonalist\u0105, czy po prostu osob\u0105 dbaj\u0105c\u0105 o zdrowie [&hellip;]\" \/>\n<meta property=\"og:url\" content=\"https:\/\/stylkobiety.pl\/?product=smartwath-colimp-p71\" \/>\n<meta property=\"og:site_name\" content=\"Stylkobiety.pl\" \/>\n<meta property=\"article:modified_time\" content=\"2025-05-09T18:49:39+00:00\" \/>\n<meta property=\"og:image\" content=\"https:\/\/stylkobiety.pl\/wp-content\/uploads\/2024\/02\/COLMI-P71-Voice-Calling-Smartwatch-Men-Health-Monitoring-IP68-Waterproof-Smart-Notifications-Voice-Assistant-Smart-Watch.jpg_640x640-3.webp\" \/>\n\t<meta property=\"og:image:width\" content=\"640\" \/>\n\t<meta property=\"og:image:height\" content=\"640\" \/>\n\t<meta property=\"og:image:type\" content=\"image\/webp\" \/>\n<meta name=\"twitter:card\" content=\"summary_large_image\" \/>\n<meta name=\"twitter:label1\" content=\"Szacowany czas czytania\" \/>\n\t<meta name=\"twitter:data1\" content=\"5 minut\" \/>\n<script type=\"application\/ld+json\" class=\"yoast-schema-graph\">{\"@context\":\"https:\/\/schema.org\",\"@graph\":[{\"@type\":\"WebPage\",\"@id\":\"https:\/\/stylkobiety.pl\/?product=smartwath-colimp-p71\",\"url\":\"https:\/\/stylkobiety.pl\/?product=smartwath-colimp-p71\",\"name\":\"Smartwatch COLIMP P71 - Stylkobiety.pl\",\"isPartOf\":{\"@id\":\"https:\/\/stylkobiety.pl\/#website\"},\"primaryImageOfPage\":{\"@id\":\"https:\/\/stylkobiety.pl\/?product=smartwath-colimp-p71#primaryimage\"},\"image\":{\"@id\":\"https:\/\/stylkobiety.pl\/?product=smartwath-colimp-p71#primaryimage\"},\"thumbnailUrl\":\"https:\/\/stylkobiety.pl\/wp-content\/uploads\/2024\/02\/COLMI-P71-Voice-Calling-Smartwatch-Men-Health-Monitoring-IP68-Waterproof-Smart-Notifications-Voice-Assistant-Smart-Watch.jpg_640x640-3.webp\",\"datePublished\":\"2024-02-02T18:01:50+00:00\",\"dateModified\":\"2025-05-09T18:49:39+00:00\",\"breadcrumb\":{\"@id\":\"https:\/\/stylkobiety.pl\/?product=smartwath-colimp-p71#breadcrumb\"},\"inLanguage\":\"pl-PL\",\"potentialAction\":[{\"@type\":\"ReadAction\",\"target\":[\"https:\/\/stylkobiety.pl\/?product=smartwath-colimp-p71\"]}]},{\"@type\":\"ImageObject\",\"inLanguage\":\"pl-PL\",\"@id\":\"https:\/\/stylkobiety.pl\/?product=smartwath-colimp-p71#primaryimage\",\"url\":\"https:\/\/stylkobiety.pl\/wp-content\/uploads\/2024\/02\/COLMI-P71-Voice-Calling-Smartwatch-Men-Health-Monitoring-IP68-Waterproof-Smart-Notifications-Voice-Assistant-Smart-Watch.jpg_640x640-3.webp\",\"contentUrl\":\"https:\/\/stylkobiety.pl\/wp-content\/uploads\/2024\/02\/COLMI-P71-Voice-Calling-Smartwatch-Men-Health-Monitoring-IP68-Waterproof-Smart-Notifications-Voice-Assistant-Smart-Watch.jpg_640x640-3.webp\",\"width\":640,\"height\":640},{\"@type\":\"BreadcrumbList\",\"@id\":\"https:\/\/stylkobiety.pl\/?product=smartwath-colimp-p71#breadcrumb\",\"itemListElement\":[{\"@type\":\"ListItem\",\"position\":1,\"name\":\"Strona g\u0142\u00f3wna\",\"item\":\"https:\/\/stylkobiety.pl\/\"},{\"@type\":\"ListItem\",\"position\":2,\"name\":\"Sklep\",\"item\":\"https:\/\/stylkobiety.pl\/?page_id=1035\"},{\"@type\":\"ListItem\",\"position\":3,\"name\":\"Smartwatch COLIMP P71\"}]},{\"@type\":\"WebSite\",\"@id\":\"https:\/\/stylkobiety.pl\/#website\",\"url\":\"https:\/\/stylkobiety.pl\/\",\"name\":\"Stylkobiety.pl\",\"description\":\"\",\"publisher\":{\"@id\":\"https:\/\/stylkobiety.pl\/#organization\"},\"potentialAction\":[{\"@type\":\"SearchAction\",\"target\":{\"@type\":\"EntryPoint\",\"urlTemplate\":\"https:\/\/stylkobiety.pl\/?s={search_term_string}\"},\"query-input\":{\"@type\":\"PropertyValueSpecification\",\"valueRequired\":true,\"valueName\":\"search_term_string\"}}],\"inLanguage\":\"pl-PL\"},{\"@type\":\"Organization\",\"@id\":\"https:\/\/stylkobiety.pl\/#organization\",\"name\":\"Stylkobiety.pl\",\"url\":\"https:\/\/stylkobiety.pl\/\",\"logo\":{\"@type\":\"ImageObject\",\"inLanguage\":\"pl-PL\",\"@id\":\"https:\/\/stylkobiety.pl\/#\/schema\/logo\/image\/\",\"url\":\"https:\/\/stylkobiety.pl\/wp-content\/uploads\/2025\/05\/logo_styl.jpg\",\"contentUrl\":\"https:\/\/stylkobiety.pl\/wp-content\/uploads\/2025\/05\/logo_styl.jpg\",\"width\":392,\"height\":99,\"caption\":\"Stylkobiety.pl\"},\"image\":{\"@id\":\"https:\/\/stylkobiety.pl\/#\/schema\/logo\/image\/\"}}]}<\/script>\n<!-- \/ Yoast SEO plugin. -->","yoast_head_json":{"title":"Smartwatch COLIMP P71 - Stylkobiety.pl","robots":{"index":"index","follow":"follow","max-snippet":"max-snippet:-1","max-image-preview":"max-image-preview:large","max-video-preview":"max-video-preview:-1"},"canonical":"https:\/\/stylkobiety.pl\/?product=smartwath-colimp-p71","og_locale":"pl_PL","og_type":"article","og_title":"Smartwatch COLIMP P71 - Stylkobiety.pl","og_description":"Oto COLIMP P71, smartwatch, kt\u00f3ry przedefiniuje Tw\u00f3j spos\u00f3b postrzegania noszonych urz\u0105dze\u0144 technologicznych. W dzisiejszym \u015bwiecie, gdzie ka\u017cdy moment ma znaczenie, COLIMP P71 stanowi perfekcyjne po\u0142\u0105czenie elegancji, funkcjonalno\u015bci i nowoczesnej technologii, zaprojektowane, aby u\u0142atwi\u0107 Ci \u017cycie i uczyni\u0107 je zdrowszym. Niezale\u017cnie od tego, czy jeste\u015b zapalonym sportowcem, zaj\u0119tym profesjonalist\u0105, czy po prostu osob\u0105 dbaj\u0105c\u0105 o zdrowie [&hellip;]","og_url":"https:\/\/stylkobiety.pl\/?product=smartwath-colimp-p71","og_site_name":"Stylkobiety.pl","article_modified_time":"2025-05-09T18:49:39+00:00","og_image":[{"width":640,"height":640,"url":"https:\/\/stylkobiety.pl\/wp-content\/uploads\/2024\/02\/COLMI-P71-Voice-Calling-Smartwatch-Men-Health-Monitoring-IP68-Waterproof-Smart-Notifications-Voice-Assistant-Smart-Watch.jpg_640x640-3.webp","type":"image\/webp"}],"twitter_card":"summary_large_image","twitter_misc":{"Szacowany czas czytania":"5 minut"},"schema":{"@context":"https:\/\/schema.org","@graph":[{"@type":"WebPage","@id":"https:\/\/stylkobiety.pl\/?product=smartwath-colimp-p71","url":"https:\/\/stylkobiety.pl\/?product=smartwath-colimp-p71","name":"Smartwatch COLIMP P71 - Stylkobiety.pl","isPartOf":{"@id":"https:\/\/stylkobiety.pl\/#website"},"primaryImageOfPage":{"@id":"https:\/\/stylkobiety.pl\/?product=smartwath-colimp-p71#primaryimage"},"image":{"@id":"https:\/\/stylkobiety.pl\/?product=smartwath-colimp-p71#primaryimage"},"thumbnailUrl":"https:\/\/stylkobiety.pl\/wp-content\/uploads\/2024\/02\/COLMI-P71-Voice-Calling-Smartwatch-Men-Health-Monitoring-IP68-Waterproof-Smart-Notifications-Voice-Assistant-Smart-Watch.jpg_640x640-3.webp","datePublished":"2024-02-02T18:01:50+00:00","dateModified":"2025-05-09T18:49:39+00:00","breadcrumb":{"@id":"https:\/\/stylkobiety.pl\/?product=smartwath-colimp-p71#breadcrumb"},"inLanguage":"pl-PL","potentialAction":[{"@type":"ReadAction","target":["https:\/\/stylkobiety.pl\/?product=smartwath-colimp-p71"]}]},{"@type":"ImageObject","inLanguage":"pl-PL","@id":"https:\/\/stylkobiety.pl\/?product=smartwath-colimp-p71#primaryimage","url":"https:\/\/stylkobiety.pl\/wp-content\/uploads\/2024\/02\/COLMI-P71-Voice-Calling-Smartwatch-Men-Health-Monitoring-IP68-Waterproof-Smart-Notifications-Voice-Assistant-Smart-Watch.jpg_640x640-3.webp","contentUrl":"https:\/\/stylkobiety.pl\/wp-content\/uploads\/2024\/02\/COLMI-P71-Voice-Calling-Smartwatch-Men-Health-Monitoring-IP68-Waterproof-Smart-Notifications-Voice-Assistant-Smart-Watch.jpg_640x640-3.webp","width":640,"height":640},{"@type":"BreadcrumbList","@id":"https:\/\/stylkobiety.pl\/?product=smartwath-colimp-p71#breadcrumb","itemListElement":[{"@type":"ListItem","position":1,"name":"Strona g\u0142\u00f3wna","item":"https:\/\/stylkobiety.pl\/"},{"@type":"ListItem","position":2,"name":"Sklep","item":"https:\/\/stylkobiety.pl\/?page_id=1035"},{"@type":"ListItem","position":3,"name":"Smartwatch COLIMP P71"}]},{"@type":"WebSite","@id":"https:\/\/stylkobiety.pl\/#website","url":"https:\/\/stylkobiety.pl\/","name":"Stylkobiety.pl","description":"","publisher":{"@id":"https:\/\/stylkobiety.pl\/#organization"},"potentialAction":[{"@type":"SearchAction","target":{"@type":"EntryPoint","urlTemplate":"https:\/\/stylkobiety.pl\/?s={search_term_string}"},"query-input":{"@type":"PropertyValueSpecification","valueRequired":true,"valueName":"search_term_string"}}],"inLanguage":"pl-PL"},{"@type":"Organization","@id":"https:\/\/stylkobiety.pl\/#organization","name":"Stylkobiety.pl","url":"https:\/\/stylkobiety.pl\/","logo":{"@type":"ImageObject","inLanguage":"pl-PL","@id":"https:\/\/stylkobiety.pl\/#\/schema\/logo\/image\/","url":"https:\/\/stylkobiety.pl\/wp-content\/uploads\/2025\/05\/logo_styl.jpg","contentUrl":"https:\/\/stylkobiety.pl\/wp-content\/uploads\/2025\/05\/logo_styl.jpg","width":392,"height":99,"caption":"Stylkobiety.pl"},"image":{"@id":"https:\/\/stylkobiety.pl\/#\/schema\/logo\/image\/"}}]}},"_links":{"self":[{"href":"https:\/\/stylkobiety.pl\/index.php?rest_route=\/wp\/v2\/product\/1167","targetHints":{"allow":["GET"]}}],"collection":[{"href":"https:\/\/stylkobiety.pl\/index.php?rest_route=\/wp\/v2\/product"}],"about":[{"href":"https:\/\/stylkobiety.pl\/index.php?rest_route=\/wp\/v2\/types\/product"}],"replies":[{"embeddable":true,"href":"https:\/\/stylkobiety.pl\/index.php?rest_route=%2Fwp%2Fv2%2Fcomments&post=1167"}],"wp:featuredmedia":[{"embeddable":true,"href":"https:\/\/stylkobiety.pl\/index.php?rest_route=\/wp\/v2\/media\/1166"}],"wp:attachment":[{"href":"https:\/\/stylkobiety.pl\/index.php?rest_route=%2Fwp%2Fv2%2Fmedia&parent=1167"}],"wp:term":[{"taxonomy":"product_brand","embeddable":true,"href":"https:\/\/stylkobiety.pl\/index.php?rest_route=%2Fwp%2Fv2%2Fproduct_brand&post=1167"},{"taxonomy":"product_cat","embeddable":true,"href":"https:\/\/stylkobiety.pl\/index.php?rest_route=%2Fwp%2Fv2%2Fproduct_cat&post=1167"},{"taxonomy":"product_tag","embeddable":true,"href":"https:\/\/stylkobiety.pl\/index.php?rest_route=%2Fwp%2Fv2%2Fproduct_tag&post=1167"}],"curies":[{"name":"wp","href":"https:\/\/api.w.org\/{rel}","templated":true}]}}